{"id":1409,"date":"2021-09-02T21:22:10","date_gmt":"2021-09-03T02:22:10","guid":{"rendered":"https:\/\/tecnometalesperu.com\/?page_id=1409"},"modified":"2021-09-17T23:18:44","modified_gmt":"2021-09-18T04:18:44","slug":"mision","status":"publish","type":"page","link":"https:\/\/tecnometalesperu.com\/?page_id=1409","title":{"rendered":"Mision"},"content":{"rendered":"\t\t<div data-elementor-type=\"wp-page\" data-elementor-id=\"1409\" class=\"elementor elementor-1409\">\n\t\t\t\t\t\t<section class=\"elementor-section elementor-top-section elementor-element elementor-element-a1c81d6 elementor-section-boxed elementor-section-height-default elementor-section-height-default\" data-id=\"a1c81d6\" data-element_type=\"section\" data-e-type=\"section\">\n\t\t\t\t\t\t<div class=\"elementor-container elementor-column-gap-default\">\n\t\t\t\t\t<div class=\"elementor-column elementor-col-33 elementor-top-column elementor-element elementor-element-f484cd1\" data-id=\"f484cd1\" data-element_type=\"column\" data-e-type=\"column\">\n\t\t\t<div class=\"elementor-widget-wrap elementor-element-populated\">\n\t\t\t\t\t\t<div class=\"elementor-element elementor-element-edf1222 elementor-widget elementor-widget-image\" data-id=\"edf1222\" data-element_type=\"widget\" data-e-type=\"widget\" data-widget_type=\"image.default\">\n\t\t\t\t<div class=\"elementor-widget-container\">\n\t\t\t\t\t\t\t\t\t\t\t\t\t\t\t<img fetchpriority=\"high\" decoding=\"async\" width=\"767\" height=\"1024\" src=\"https:\/\/tecnometalesperu.com\/wp-content\/uploads\/2021\/09\/01.-Mision-767x1024.jpeg\" class=\"attachment-large size-large wp-image-1788\" alt=\"\" srcset=\"https:\/\/tecnometalesperu.com\/wp-content\/uploads\/2021\/09\/01.-Mision-767x1024.jpeg 767w, https:\/\/tecnometalesperu.com\/wp-content\/uploads\/2021\/09\/01.-Mision-225x300.jpeg 225w, https:\/\/tecnometalesperu.com\/wp-content\/uploads\/2021\/09\/01.-Mision-768x1025.jpeg 768w, https:\/\/tecnometalesperu.com\/wp-content\/uploads\/2021\/09\/01.-Mision-1151x1536.jpeg 1151w, https:\/\/tecnometalesperu.com\/wp-content\/uploads\/2021\/09\/01.-Mision.jpeg 1199w\" sizes=\"(max-width: 767px) 100vw, 767px\" \/>\t\t\t\t\t\t\t\t\t\t\t\t\t\t\t<\/div>\n\t\t\t\t<\/div>\n\t\t\t\t\t<\/div>\n\t\t<\/div>\n\t\t\t\t<div class=\"elementor-column elementor-col-66 elementor-top-column elementor-element elementor-element-0ea710b\" data-id=\"0ea710b\" data-element_type=\"column\" data-e-type=\"column\">\n\t\t\t<div class=\"elementor-widget-wrap elementor-element-populated\">\n\t\t\t\t\t\t<div class=\"elementor-element elementor-element-918efde elementor-widget elementor-widget-heading\" data-id=\"918efde\" data-element_type=\"widget\" data-e-type=\"widget\" data-widget_type=\"heading.default\">\n\t\t\t\t<div class=\"elementor-widget-container\">\n\t\t\t\t\t<h1 class=\"elementor-heading-title elementor-size-xl\">Nuestra Misi\u00f3n<\/h1>\t\t\t\t<\/div>\n\t\t\t\t<\/div>\n\t\t\t\t<div class=\"elementor-element elementor-element-2378cd8 elementor-widget elementor-widget-text-editor\" data-id=\"2378cd8\" data-element_type=\"widget\" data-e-type=\"widget\" data-widget_type=\"text-editor.default\">\n\t\t\t\t<div class=\"elementor-widget-container\">\n\t\t\t\t\t\t\t\t\t<p>Brindar servicios de Mecanizado, Fabricaci\u00f3n, Dise\u00f1o, Montaje y Desmontaje de Elementos Estructurales y Metalmec\u00e1nicos cumpliendo y superando las expectativas de nuestros clientes ante cualquier emergencia o pedido de urgencia<\/p>\t\t\t\t\t\t\t\t<\/div>\n\t\t\t\t<\/div>\n\t\t\t\t<div class=\"elementor-element elementor-element-ff95f84 elementor-widget elementor-widget-button\" data-id=\"ff95f84\" data-element_type=\"widget\" data-e-type=\"widget\" data-widget_type=\"button.default\">\n\t\t\t\t<div class=\"elementor-widget-container\">\n\t\t\t\t\t\t\t\t\t<div class=\"elementor-button-wrapper\">\n\t\t\t\t\t<a class=\"elementor-button elementor-button-link elementor-size-sm\" href=\"#\">\n\t\t\t\t\t\t<span class=\"elementor-button-content-wrapper\">\n\t\t\t\t\t\t\t\t\t<span class=\"elementor-button-text\">Contacto<\/span>\n\t\t\t\t\t<\/span>\n\t\t\t\t\t<\/a>\n\t\t\t\t<\/div>\n\t\t\t\t\t\t\t\t<\/div>\n\t\t\t\t<\/div>\n\t\t\t\t\t<\/div>\n\t\t<\/div>\n\t\t\t\t\t<\/div>\n\t\t<\/section>\n\t\t\t\t<\/div>\n\t\t","protected":false},"excerpt":{"rendered":"<p>Nuestra Misi\u00f3n Brindar servicios de Mecanizado, Fabricaci\u00f3n, Dise\u00f1o, Montaje y Desmontaje de Elementos Estructurales y Metalmec\u00e1nicos cumpliendo y superando las expectativas de nuestros clientes ante cualquier emergencia o pedido de urgencia Contacto<\/p>\n","protected":false},"author":1,"featured_media":0,"parent":0,"menu_order":0,"comment_status":"closed","ping_status":"closed","template":"","meta":{"footnotes":""},"class_list":["post-1409","page","type-page","status-publish","hentry"],"_links":{"self":[{"href":"https:\/\/tecnometalesperu.com\/index.php?rest_route=\/wp\/v2\/pages\/1409","targetHints":{"allow":["GET"]}}],"collection":[{"href":"https:\/\/tecnometalesperu.com\/index.php?rest_route=\/wp\/v2\/pages"}],"about":[{"href":"https:\/\/tecnometalesperu.com\/index.php?rest_route=\/wp\/v2\/types\/page"}],"author":[{"embeddable":true,"href":"https:\/\/tecnometalesperu.com\/index.php?rest_route=\/wp\/v2\/users\/1"}],"replies":[{"embeddable":true,"href":"https:\/\/tecnometalesperu.com\/index.php?rest_route=%2Fwp%2Fv2%2Fcomments&post=1409"}],"version-history":[{"count":20,"href":"https:\/\/tecnometalesperu.com\/index.php?rest_route=\/wp\/v2\/pages\/1409\/revisions"}],"predecessor-version":[{"id":2238,"href":"https:\/\/tecnometalesperu.com\/index.php?rest_route=\/wp\/v2\/pages\/1409\/revisions\/2238"}],"wp:attachment":[{"href":"https:\/\/tecnometalesperu.com\/index.php?rest_route=%2Fwp%2Fv2%2Fmedia&parent=1409"}],"curies":[{"name":"wp","href":"https:\/\/api.w.org\/{rel}","templated":true}]}}