{"id":1508,"date":"2021-09-03T15:25:09","date_gmt":"2021-09-03T20:25:09","guid":{"rendered":"https:\/\/tecnometalesperu.com\/?page_id=1508"},"modified":"2022-01-05T21:22:33","modified_gmt":"2022-01-06T02:22:33","slug":"responsabilidad-social-3","status":"publish","type":"page","link":"https:\/\/tecnometalesperu.com\/?page_id=1508","title":{"rendered":"Responsabilidad Social"},"content":{"rendered":"\t\t<div data-elementor-type=\"wp-page\" data-elementor-id=\"1508\" class=\"elementor elementor-1508\">\n\t\t\t\t\t\t<section class=\"elementor-section elementor-top-section elementor-element elementor-element-2287c00 elementor-section-boxed elementor-section-height-default elementor-section-height-default\" data-id=\"2287c00\" data-element_type=\"section\" data-e-type=\"section\">\n\t\t\t\t\t\t<div class=\"elementor-container elementor-column-gap-default\">\n\t\t\t\t\t<div class=\"elementor-column elementor-col-33 elementor-top-column elementor-element elementor-element-0c38cb5\" data-id=\"0c38cb5\" data-element_type=\"column\" data-e-type=\"column\">\n\t\t\t<div class=\"elementor-widget-wrap elementor-element-populated\">\n\t\t\t\t\t\t<div class=\"elementor-element elementor-element-60dc863 elementor-widget elementor-widget-image\" data-id=\"60dc863\" data-element_type=\"widget\" data-e-type=\"widget\" data-widget_type=\"image.default\">\n\t\t\t\t<div class=\"elementor-widget-container\">\n\t\t\t\t\t\t\t\t\t\t\t\t\t\t\t<img fetchpriority=\"high\" decoding=\"async\" width=\"273\" height=\"560\" src=\"https:\/\/tecnometalesperu.com\/wp-content\/uploads\/2021\/09\/PAG..png\" class=\"attachment-large size-large wp-image-1322\" alt=\"\" srcset=\"https:\/\/tecnometalesperu.com\/wp-content\/uploads\/2021\/09\/PAG..png 273w, https:\/\/tecnometalesperu.com\/wp-content\/uploads\/2021\/09\/PAG.-146x300.png 146w\" sizes=\"(max-width: 273px) 100vw, 273px\" \/>\t\t\t\t\t\t\t\t\t\t\t\t\t\t\t<\/div>\n\t\t\t\t<\/div>\n\t\t\t\t\t<\/div>\n\t\t<\/div>\n\t\t\t\t<div class=\"elementor-column elementor-col-66 elementor-top-column elementor-element elementor-element-71f2a8b\" data-id=\"71f2a8b\" data-element_type=\"column\" data-e-type=\"column\">\n\t\t\t<div class=\"elementor-widget-wrap elementor-element-populated\">\n\t\t\t\t\t\t<div class=\"elementor-element elementor-element-863693c elementor-widget elementor-widget-heading\" data-id=\"863693c\" data-element_type=\"widget\" data-e-type=\"widget\" data-widget_type=\"heading.default\">\n\t\t\t\t<div class=\"elementor-widget-container\">\n\t\t\t\t\t<h2 class=\"elementor-heading-title elementor-size-xxl\">GESTION SOCIAL- EMPLEO<\/h2>\t\t\t\t<\/div>\n\t\t\t\t<\/div>\n\t\t\t\t<div class=\"elementor-element elementor-element-7de5cb1 elementor-widget elementor-widget-text-editor\" data-id=\"7de5cb1\" data-element_type=\"widget\" data-e-type=\"widget\" data-widget_type=\"text-editor.default\">\n\t\t\t\t<div class=\"elementor-widget-container\">\n\t\t\t\t\t\t\t\t\t<p>En Tecnometales se considera que la promoci\u00f3n del empleo tiene la cobertura en todas las comunidades y localidades cercanas a cada una de nuestras operaciones, principalmente en la provincia de Barranca.<\/p><p>Nuestra estrategia de promoci\u00f3n del empleo en zonas aleda\u00f1as a nuestras operaciones no solo impacta directamente en las relaciones con la comunidad ofertando oportunidades crecimiento personal y profesional, sino que tambi\u00e9n contribuye al establecimiento de un equilibrio vida \u2013trabajo, ya que tienen menos tiempos de traslado y las actividades de la organizaci\u00f3n siempre se realizan en su c\u00edrculo geogr\u00e1fico inmediato.<\/p>\t\t\t\t\t\t\t\t<\/div>\n\t\t\t\t<\/div>\n\t\t\t\t\t<\/div>\n\t\t<\/div>\n\t\t\t\t\t<\/div>\n\t\t<\/section>\n\t\t\t\t<section class=\"elementor-section elementor-top-section elementor-element elementor-element-c668441 elementor-section-boxed elementor-section-height-default elementor-section-height-default\" data-id=\"c668441\" data-element_type=\"section\" data-e-type=\"section\">\n\t\t\t\t\t\t<div class=\"elementor-container elementor-column-gap-default\">\n\t\t\t\t\t<div class=\"elementor-column elementor-col-100 elementor-top-column elementor-element elementor-element-b766db1\" data-id=\"b766db1\" data-element_type=\"column\" data-e-type=\"column\">\n\t\t\t<div class=\"elementor-widget-wrap elementor-element-populated\">\n\t\t\t\t\t\t<div class=\"elementor-element elementor-element-01116ee elementor-widget elementor-widget-text-editor\" data-id=\"01116ee\" data-element_type=\"widget\" data-e-type=\"widget\" data-widget_type=\"text-editor.default\">\n\t\t\t\t<div class=\"elementor-widget-container\">\n\t\t\t\t\t\t\t\t\t<p>\u00a0<\/p><p>Tecnometales Per\u00fa considera que los colaboradores son el principal motor de la empresa. Por eso se establecieron Pol\u00edticas, Reglamentos y Planes que regulen los temas referentes a los colaboradores y que motiven a estos mismos. La Pol\u00edtica de Remuneraciones cumple la funci\u00f3n de fijar los procedimientos a considerar para la asignaci\u00f3n de sueldo en base al Cargo asignado. El Reglamento Interno, sobre las normas que han de respetarse siendo colaborador de Tecnometales Per\u00fa. Los Planes de incentivos est\u00e1n direccionados para motivar e incentivar a los colaboradores, fidelizarlos y mejorar su productividad. Todos estos mecanismos se han establecido con la fuerte intenci\u00f3n de crear un buen ambiente laboral donde todos nuestros colaboradores se encuentren contento en su lugar de trabajo, adem\u00e1s de ser tratado con respeto y con las mismas oportunidades de desarrollo personal y profesional que todos por igual<\/p><p>En Tecnometales Peru fomentamos un lugar donde la retribuci\u00f3n de sueldos y la adjudicaci\u00f3n de un empleo se maneje dentro de los par\u00e1metros legales y justos de la equidad laboral, cumpliendo con las normas vigentes y con las exigencias de todos nuestros clientes a nivel de transparencia.<\/p><p>geogr\u00e1fico inmediato.<\/p>\t\t\t\t\t\t\t\t<\/div>\n\t\t\t\t<\/div>\n\t\t\t\t\t<\/div>\n\t\t<\/div>\n\t\t\t\t\t<\/div>\n\t\t<\/section>\n\t\t\t\t<section class=\"elementor-section elementor-top-section elementor-element elementor-element-9fb7d4c elementor-section-boxed elementor-section-height-default elementor-section-height-default\" data-id=\"9fb7d4c\" data-element_type=\"section\" data-e-type=\"section\">\n\t\t\t\t\t\t<div class=\"elementor-container elementor-column-gap-default\">\n\t\t\t\t\t<div class=\"elementor-column elementor-col-66 elementor-top-column elementor-element elementor-element-66bd19e\" data-id=\"66bd19e\" data-element_type=\"column\" data-e-type=\"column\">\n\t\t\t<div class=\"elementor-widget-wrap elementor-element-populated\">\n\t\t\t\t\t\t<div class=\"elementor-element elementor-element-cf07042 elementor-widget elementor-widget-heading\" data-id=\"cf07042\" data-element_type=\"widget\" data-e-type=\"widget\" data-widget_type=\"heading.default\">\n\t\t\t\t<div class=\"elementor-widget-container\">\n\t\t\t\t\t<h2 class=\"elementor-heading-title elementor-size-default\">CUMPLIMIENTO SOCIOECONOMICO<\/h2>\t\t\t\t<\/div>\n\t\t\t\t<\/div>\n\t\t\t\t<div class=\"elementor-element elementor-element-308bde6 elementor-widget elementor-widget-text-editor\" data-id=\"308bde6\" data-element_type=\"widget\" data-e-type=\"widget\" data-widget_type=\"text-editor.default\">\n\t\t\t\t<div class=\"elementor-widget-container\">\n\t\t\t\t\t\t\t\t\t<p>En Tecnometales Peru se busca ser reconocida como una empresa transparente bas\u00e1ndose en la sinceridad y honestidad del desarrollo de actividades, cumpliendo las obligaciones tributarias y laborales de las cuales est\u00e1 afecta. Este cumplimiento busca aportar al Estado peruano para la realizaci\u00f3n de obras y el mantenimiento de calidad de vida y servicio de todos los peruanos. Asimismo, con este cumplimiento se busca garantizar a los colabora-dores de Tecnometales Peru su seguridad econ\u00f3mica, social digno y un acceso al seguro de salud que corresponda.<\/p><p>Tecnometales Per\u00fa cumple a cabalidad con la normatividad vigente referente al tema socioecon\u00f3mico, buscando siempre velar por el bienestar social y econ\u00f3mico de nuestros colaboradores, retribuyendo su esfuerzo y desempe\u00f1o en su labor con beneficios seg\u00fan ley, programas como el Trabajador del Mes, Capacitaciones y Bonos.<\/p>\t\t\t\t\t\t\t\t<\/div>\n\t\t\t\t<\/div>\n\t\t\t\t\t<\/div>\n\t\t<\/div>\n\t\t\t\t<div class=\"elementor-column elementor-col-33 elementor-top-column elementor-element elementor-element-bd20fc8\" data-id=\"bd20fc8\" data-element_type=\"column\" data-e-type=\"column\">\n\t\t\t<div class=\"elementor-widget-wrap elementor-element-populated\">\n\t\t\t\t\t\t<div class=\"elementor-element elementor-element-bd915ec elementor-widget elementor-widget-image\" data-id=\"bd915ec\" data-element_type=\"widget\" data-e-type=\"widget\" data-widget_type=\"image.default\">\n\t\t\t\t<div class=\"elementor-widget-container\">\n\t\t\t\t\t\t\t\t\t\t\t\t\t\t\t<img decoding=\"async\" width=\"381\" height=\"531\" src=\"https:\/\/tecnometalesperu.com\/wp-content\/uploads\/2022\/01\/tecnooo.png\" class=\"attachment-large size-large wp-image-2196\" alt=\"\" srcset=\"https:\/\/tecnometalesperu.com\/wp-content\/uploads\/2022\/01\/tecnooo.png 381w, https:\/\/tecnometalesperu.com\/wp-content\/uploads\/2022\/01\/tecnooo-215x300.png 215w\" sizes=\"(max-width: 381px) 100vw, 381px\" \/>\t\t\t\t\t\t\t\t\t\t\t\t\t\t\t<\/div>\n\t\t\t\t<\/div>\n\t\t\t\t\t<\/div>\n\t\t<\/div>\n\t\t\t\t\t<\/div>\n\t\t<\/section>\n\t\t\t\t<section class=\"elementor-section elementor-top-section elementor-element elementor-element-d6825cb elementor-section-boxed elementor-section-height-default elementor-section-height-default\" data-id=\"d6825cb\" data-element_type=\"section\" data-e-type=\"section\">\n\t\t\t\t\t\t<div class=\"elementor-container elementor-column-gap-default\">\n\t\t\t\t\t<div class=\"elementor-column elementor-col-50 elementor-top-column elementor-element elementor-element-7909a53\" data-id=\"7909a53\" data-element_type=\"column\" data-e-type=\"column\">\n\t\t\t<div class=\"elementor-widget-wrap elementor-element-populated\">\n\t\t\t\t\t\t<div class=\"elementor-element elementor-element-4b830ed elementor-widget elementor-widget-heading\" data-id=\"4b830ed\" data-element_type=\"widget\" data-e-type=\"widget\" data-widget_type=\"heading.default\">\n\t\t\t\t<div class=\"elementor-widget-container\">\n\t\t\t\t\t<h2 class=\"elementor-heading-title elementor-size-default\">CUMPLIMIENTO AMBIENTAL<\/h2>\t\t\t\t<\/div>\n\t\t\t\t<\/div>\n\t\t\t\t<div class=\"elementor-element elementor-element-d823af2 elementor-widget elementor-widget-text-editor\" data-id=\"d823af2\" data-element_type=\"widget\" data-e-type=\"widget\" data-widget_type=\"text-editor.default\">\n\t\t\t\t<div class=\"elementor-widget-container\">\n\t\t\t\t\t\t\t\t\t<p>El cumplimiento de las leyes ambientales es importante porque nos indican los lineamientos a los cuales TECNOMETALES PERU debe acogerse y respetar. Hemos identificado nuestros aspectos ambientales y el impacto de cada uno de ellos, se ha instruido al personal para un manejo \u00f3ptimo de cada uno de ellos y se ha puesto en evidencia las consecuencias de no tener operaciones amigables con el medio ambiente.<\/p><p>Muy aparte del profesional a cargo del \u00e1rea, TECNOMETALES PERU cuenta con las siguientes herramientas de gesti\u00f3n:<\/p>\t\t\t\t\t\t\t\t<\/div>\n\t\t\t\t<\/div>\n\t\t\t\t<div class=\"elementor-element elementor-element-6565821 elementor-icon-list--layout-traditional elementor-list-item-link-full_width elementor-widget elementor-widget-icon-list\" data-id=\"6565821\" data-element_type=\"widget\" data-e-type=\"widget\" data-widget_type=\"icon-list.default\">\n\t\t\t\t<div class=\"elementor-widget-container\">\n\t\t\t\t\t\t\t<ul class=\"elementor-icon-list-items\">\n\t\t\t\t\t\t\t<li class=\"elementor-icon-list-item\">\n\t\t\t\t\t\t\t\t\t\t\t<span class=\"elementor-icon-list-icon\">\n\t\t\t\t\t\t\t<i aria-hidden=\"true\" class=\"fas fa-check\"><\/i>\t\t\t\t\t\t<\/span>\n\t\t\t\t\t\t\t\t\t\t<span class=\"elementor-icon-list-text\">Cursos ambientales<\/span>\n\t\t\t\t\t\t\t\t\t<\/li>\n\t\t\t\t\t\t\t\t<li class=\"elementor-icon-list-item\">\n\t\t\t\t\t\t\t\t\t\t\t<span class=\"elementor-icon-list-icon\">\n\t\t\t\t\t\t\t<i aria-hidden=\"true\" class=\"fas fa-check\"><\/i>\t\t\t\t\t\t<\/span>\n\t\t\t\t\t\t\t\t\t\t<span class=\"elementor-icon-list-text\">Procedimientos ambientales<\/span>\n\t\t\t\t\t\t\t\t\t<\/li>\n\t\t\t\t\t\t\t\t<li class=\"elementor-icon-list-item\">\n\t\t\t\t\t\t\t\t\t\t\t<span class=\"elementor-icon-list-icon\">\n\t\t\t\t\t\t\t<i aria-hidden=\"true\" class=\"fas fa-check\"><\/i>\t\t\t\t\t\t<\/span>\n\t\t\t\t\t\t\t\t\t\t<span class=\"elementor-icon-list-text\">Plan anual de Medio Ambiente<\/span>\n\t\t\t\t\t\t\t\t\t<\/li>\n\t\t\t\t\t\t\t\t<li class=\"elementor-icon-list-item\">\n\t\t\t\t\t\t\t\t\t\t\t<span class=\"elementor-icon-list-icon\">\n\t\t\t\t\t\t\t<i aria-hidden=\"true\" class=\"fas fa-check\"><\/i>\t\t\t\t\t\t<\/span>\n\t\t\t\t\t\t\t\t\t\t<span class=\"elementor-icon-list-text\">Programa anual de Medio Ambiente<\/span>\n\t\t\t\t\t\t\t\t\t<\/li>\n\t\t\t\t\t\t\t\t<li class=\"elementor-icon-list-item\">\n\t\t\t\t\t\t\t\t\t\t\t<span class=\"elementor-icon-list-icon\">\n\t\t\t\t\t\t\t<i aria-hidden=\"true\" class=\"fas fa-check\"><\/i>\t\t\t\t\t\t<\/span>\n\t\t\t\t\t\t\t\t\t\t<span class=\"elementor-icon-list-text\">Formatos de medio ambiente<\/span>\n\t\t\t\t\t\t\t\t\t<\/li>\n\t\t\t\t\t\t\t\t<li class=\"elementor-icon-list-item\">\n\t\t\t\t\t\t\t\t\t\t\t<span class=\"elementor-icon-list-icon\">\n\t\t\t\t\t\t\t<i aria-hidden=\"true\" class=\"fas fa-check\"><\/i>\t\t\t\t\t\t<\/span>\n\t\t\t\t\t\t\t\t\t\t<span class=\"elementor-icon-list-text\">Plan de contingencias ante emergencias ambientales<\/span>\n\t\t\t\t\t\t\t\t\t<\/li>\n\t\t\t\t\t\t\t\t<li class=\"elementor-icon-list-item\">\n\t\t\t\t\t\t\t\t\t\t\t<span class=\"elementor-icon-list-icon\">\n\t\t\t\t\t\t\t<i aria-hidden=\"true\" class=\"fas fa-check\"><\/i>\t\t\t\t\t\t<\/span>\n\t\t\t\t\t\t\t\t\t\t<span class=\"elementor-icon-list-text\">Retroalimentaci\u00f3n constante de los aspectos e impactos ambientales<\/span>\n\t\t\t\t\t\t\t\t\t<\/li>\n\t\t\t\t\t\t<\/ul>\n\t\t\t\t\t\t<\/div>\n\t\t\t\t<\/div>\n\t\t\t\t<div class=\"elementor-element elementor-element-a32fdee elementor-widget elementor-widget-text-editor\" data-id=\"a32fdee\" data-element_type=\"widget\" data-e-type=\"widget\" data-widget_type=\"text-editor.default\">\n\t\t\t\t<div class=\"elementor-widget-container\">\n\t\t\t\t\t\t\t\t\t<p>Para medir el desempe\u00f1o ambiental contamos con indicadores que nos gu\u00edan sobre nuestros impactos y con ello corregimos las diversas desviaciones que pue-dan presentarse. Algunos indicadores son volumen de agua usada, volumen de residuos generados, usos de bandejas en los trabajos, entre otros.<\/p>\t\t\t\t\t\t\t\t<\/div>\n\t\t\t\t<\/div>\n\t\t\t\t\t<\/div>\n\t\t<\/div>\n\t\t\t\t<div class=\"elementor-column elementor-col-50 elementor-top-column elementor-element elementor-element-a0a2001\" data-id=\"a0a2001\" data-element_type=\"column\" data-e-type=\"column\">\n\t\t\t<div class=\"elementor-widget-wrap elementor-element-populated\">\n\t\t\t\t\t\t<div class=\"elementor-element elementor-element-8e88678 elementor-widget elementor-widget-image\" data-id=\"8e88678\" data-element_type=\"widget\" data-e-type=\"widget\" data-widget_type=\"image.default\">\n\t\t\t\t<div class=\"elementor-widget-container\">\n\t\t\t\t\t\t\t\t\t\t\t\t\t\t\t<img decoding=\"async\" width=\"768\" height=\"1024\" src=\"https:\/\/tecnometalesperu.com\/wp-content\/uploads\/2021\/09\/e3a1c14f-47d7-406a-a3dc-8c363e1bd13a-768x1024.jpg\" class=\"attachment-large size-large wp-image-1897\" alt=\"\" srcset=\"https:\/\/tecnometalesperu.com\/wp-content\/uploads\/2021\/09\/e3a1c14f-47d7-406a-a3dc-8c363e1bd13a-768x1024.jpg 768w, https:\/\/tecnometalesperu.com\/wp-content\/uploads\/2021\/09\/e3a1c14f-47d7-406a-a3dc-8c363e1bd13a-225x300.jpg 225w, https:\/\/tecnometalesperu.com\/wp-content\/uploads\/2021\/09\/e3a1c14f-47d7-406a-a3dc-8c363e1bd13a.jpg 960w\" sizes=\"(max-width: 768px) 100vw, 768px\" \/>\t\t\t\t\t\t\t\t\t\t\t\t\t\t\t<\/div>\n\t\t\t\t<\/div>\n\t\t\t\t<div class=\"elementor-element elementor-element-752bbfa elementor-widget elementor-widget-image\" data-id=\"752bbfa\" data-element_type=\"widget\" data-e-type=\"widget\" data-widget_type=\"image.default\">\n\t\t\t\t<div class=\"elementor-widget-container\">\n\t\t\t\t\t\t\t\t\t\t\t\t\t\t\t<img loading=\"lazy\" decoding=\"async\" width=\"680\" height=\"164\" src=\"https:\/\/tecnometalesperu.com\/wp-content\/uploads\/2021\/09\/MEGA.png\" class=\"attachment-large size-large wp-image-1907\" alt=\"\" srcset=\"https:\/\/tecnometalesperu.com\/wp-content\/uploads\/2021\/09\/MEGA.png 680w, https:\/\/tecnometalesperu.com\/wp-content\/uploads\/2021\/09\/MEGA-300x72.png 300w\" sizes=\"(max-width: 680px) 100vw, 680px\" \/>\t\t\t\t\t\t\t\t\t\t\t\t\t\t\t<\/div>\n\t\t\t\t<\/div>\n\t\t\t\t\t<\/div>\n\t\t<\/div>\n\t\t\t\t\t<\/div>\n\t\t<\/section>\n\t\t\t\t<section class=\"elementor-section elementor-top-section elementor-element elementor-element-64f25f9 elementor-section-boxed elementor-section-height-default elementor-section-height-default\" data-id=\"64f25f9\" data-element_type=\"section\" data-e-type=\"section\">\n\t\t\t\t\t\t<div class=\"elementor-container elementor-column-gap-default\">\n\t\t\t\t\t<div class=\"elementor-column elementor-col-100 elementor-top-column elementor-element elementor-element-280aafc\" data-id=\"280aafc\" data-element_type=\"column\" data-e-type=\"column\">\n\t\t\t<div class=\"elementor-widget-wrap\">\n\t\t\t\t\t\t\t<\/div>\n\t\t<\/div>\n\t\t\t\t\t<\/div>\n\t\t<\/section>\n\t\t\t\t<section class=\"elementor-section elementor-top-section elementor-element elementor-element-482f50d elementor-section-boxed elementor-section-height-default elementor-section-height-default\" data-id=\"482f50d\" data-element_type=\"section\" data-e-type=\"section\">\n\t\t\t\t\t\t<div class=\"elementor-container elementor-column-gap-default\">\n\t\t\t\t\t<div class=\"elementor-column elementor-col-100 elementor-top-column elementor-element elementor-element-9b09219\" data-id=\"9b09219\" data-element_type=\"column\" data-e-type=\"column\">\n\t\t\t<div class=\"elementor-widget-wrap\">\n\t\t\t\t\t\t\t<\/div>\n\t\t<\/div>\n\t\t\t\t\t<\/div>\n\t\t<\/section>\n\t\t\t\t<\/div>\n\t\t","protected":false},"excerpt":{"rendered":"<p>GESTION SOCIAL- EMPLEO En Tecnometales se considera que la promoci\u00f3n del empleo tiene la cobertura en todas las comunidades y localidades cercanas a cada una de nuestras operaciones, principalmente en la provincia de Barranca. Nuestra estrategia de promoci\u00f3n del empleo en zonas aleda\u00f1as a nuestras operaciones no solo impacta directamente en las relaciones con la [&hellip;]<\/p>\n","protected":false},"author":1,"featured_media":0,"parent":0,"menu_order":0,"comment_status":"closed","ping_status":"closed","template":"","meta":{"footnotes":""},"class_list":["post-1508","page","type-page","status-publish","hentry"],"_links":{"self":[{"href":"https:\/\/tecnometalesperu.com\/index.php?rest_route=\/wp\/v2\/pages\/1508","targetHints":{"allow":["GET"]}}],"collection":[{"href":"https:\/\/tecnometalesperu.com\/index.php?rest_route=\/wp\/v2\/pages"}],"about":[{"href":"https:\/\/tecnometalesperu.com\/index.php?rest_route=\/wp\/v2\/types\/page"}],"author":[{"embeddable":true,"href":"https:\/\/tecnometalesperu.com\/index.php?rest_route=\/wp\/v2\/users\/1"}],"replies":[{"embeddable":true,"href":"https:\/\/tecnometalesperu.com\/index.php?rest_route=%2Fwp%2Fv2%2Fcomments&post=1508"}],"version-history":[{"count":32,"href":"https:\/\/tecnometalesperu.com\/index.php?rest_route=\/wp\/v2\/pages\/1508\/revisions"}],"predecessor-version":[{"id":2199,"href":"https:\/\/tecnometalesperu.com\/index.php?rest_route=\/wp\/v2\/pages\/1508\/revisions\/2199"}],"wp:attachment":[{"href":"https:\/\/tecnometalesperu.com\/index.php?rest_route=%2Fwp%2Fv2%2Fmedia&parent=1508"}],"curies":[{"name":"wp","href":"https:\/\/api.w.org\/{rel}","templated":true}]}}