{"id":1510,"date":"2021-09-03T15:25:09","date_gmt":"2021-09-03T20:25:09","guid":{"rendered":"https:\/\/tecnometalesperu.com\/?page_id=1510"},"modified":"2022-01-06T09:13:50","modified_gmt":"2022-01-06T14:13:50","slug":"ssomaq-3","status":"publish","type":"page","link":"https:\/\/tecnometalesperu.com\/?page_id=1510","title":{"rendered":"SSOMAQ"},"content":{"rendered":"\t\t<div data-elementor-type=\"wp-page\" data-elementor-id=\"1510\" class=\"elementor elementor-1510\">\n\t\t\t\t\t\t<section class=\"elementor-section elementor-top-section elementor-element elementor-element-58554c0 elementor-section-boxed elementor-section-height-default elementor-section-height-default\" data-id=\"58554c0\" data-element_type=\"section\" data-e-type=\"section\">\n\t\t\t\t\t\t<div class=\"elementor-container elementor-column-gap-default\">\n\t\t\t\t\t<div class=\"elementor-column elementor-col-33 elementor-top-column elementor-element elementor-element-762a1b7\" data-id=\"762a1b7\" data-element_type=\"column\" data-e-type=\"column\">\n\t\t\t<div class=\"elementor-widget-wrap elementor-element-populated\">\n\t\t\t\t\t\t<div class=\"elementor-element elementor-element-47186dc elementor-widget elementor-widget-image\" data-id=\"47186dc\" data-element_type=\"widget\" data-e-type=\"widget\" data-widget_type=\"image.default\">\n\t\t\t\t<div class=\"elementor-widget-container\">\n\t\t\t\t\t\t\t\t\t\t\t\t\t\t\t<img fetchpriority=\"high\" decoding=\"async\" width=\"1024\" height=\"767\" src=\"https:\/\/tecnometalesperu.com\/wp-content\/uploads\/2021\/09\/01-1024x767.jpeg\" class=\"attachment-large size-large wp-image-1891\" alt=\"\" srcset=\"https:\/\/tecnometalesperu.com\/wp-content\/uploads\/2021\/09\/01-1024x767.jpeg 1024w, https:\/\/tecnometalesperu.com\/wp-content\/uploads\/2021\/09\/01-300x225.jpeg 300w, https:\/\/tecnometalesperu.com\/wp-content\/uploads\/2021\/09\/01-768x576.jpeg 768w, https:\/\/tecnometalesperu.com\/wp-content\/uploads\/2021\/09\/01-1536x1151.jpeg 1536w, https:\/\/tecnometalesperu.com\/wp-content\/uploads\/2021\/09\/01.jpeg 1600w\" sizes=\"(max-width: 1024px) 100vw, 1024px\" \/>\t\t\t\t\t\t\t\t\t\t\t\t\t\t\t<\/div>\n\t\t\t\t<\/div>\n\t\t\t\t<div class=\"elementor-element elementor-element-af4ef45 elementor-widget elementor-widget-image\" data-id=\"af4ef45\" data-element_type=\"widget\" data-e-type=\"widget\" data-widget_type=\"image.default\">\n\t\t\t\t<div class=\"elementor-widget-container\">\n\t\t\t\t\t\t\t\t\t\t\t\t\t\t\t<img decoding=\"async\" width=\"452\" height=\"266\" src=\"https:\/\/tecnometalesperu.com\/wp-content\/uploads\/2021\/12\/Screenshot_9.png\" class=\"attachment-large size-large wp-image-2185\" alt=\"\" srcset=\"https:\/\/tecnometalesperu.com\/wp-content\/uploads\/2021\/12\/Screenshot_9.png 452w, https:\/\/tecnometalesperu.com\/wp-content\/uploads\/2021\/12\/Screenshot_9-300x177.png 300w, https:\/\/tecnometalesperu.com\/wp-content\/uploads\/2021\/12\/Screenshot_9-450x266.png 450w\" sizes=\"(max-width: 452px) 100vw, 452px\" \/>\t\t\t\t\t\t\t\t\t\t\t\t\t\t\t<\/div>\n\t\t\t\t<\/div>\n\t\t\t\t\t<\/div>\n\t\t<\/div>\n\t\t\t\t<div class=\"elementor-column elementor-col-66 elementor-top-column elementor-element elementor-element-29dcb80\" data-id=\"29dcb80\" data-element_type=\"column\" data-e-type=\"column\">\n\t\t\t<div class=\"elementor-widget-wrap elementor-element-populated\">\n\t\t\t\t\t\t<div class=\"elementor-element elementor-element-428044b elementor-widget elementor-widget-heading\" data-id=\"428044b\" data-element_type=\"widget\" data-e-type=\"widget\" data-widget_type=\"heading.default\">\n\t\t\t\t<div class=\"elementor-widget-container\">\n\t\t\t\t\t<h2 class=\"elementor-heading-title elementor-size-xxl\">SSOMAQ<\/h2>\t\t\t\t<\/div>\n\t\t\t\t<\/div>\n\t\t\t\t<div class=\"elementor-element elementor-element-9d7e090 elementor-widget elementor-widget-text-editor\" data-id=\"9d7e090\" data-element_type=\"widget\" data-e-type=\"widget\" data-widget_type=\"text-editor.default\">\n\t\t\t\t<div class=\"elementor-widget-container\">\n\t\t\t\t\t\t\t\t\t<h3><a name=\"_Toc83055600\"><\/a><a name=\"_Toc90394975\"><\/a>OBJETIVOS Y METAS SOMAQ<\/h3>\t\t\t\t\t\t\t\t<\/div>\n\t\t\t\t<\/div>\n\t\t\t\t<div class=\"elementor-element elementor-element-9e38919 elementor-tabs-view-vertical elementor-widget elementor-widget-tabs\" data-id=\"9e38919\" data-element_type=\"widget\" data-e-type=\"widget\" data-widget_type=\"tabs.default\">\n\t\t\t\t<div class=\"elementor-widget-container\">\n\t\t\t\t\t\t\t<div class=\"elementor-tabs\">\n\t\t\t<div class=\"elementor-tabs-wrapper\" role=\"tablist\" >\n\t\t\t\t\t\t\t\t\t<div id=\"elementor-tab-title-1651\" class=\"elementor-tab-title elementor-tab-desktop-title\" aria-selected=\"true\" data-tab=\"1\" role=\"tab\" tabindex=\"0\" aria-controls=\"elementor-tab-content-1651\" aria-expanded=\"false\">ART. 1<\/div>\n\t\t\t\t\t\t\t\t\t<div id=\"elementor-tab-title-1652\" class=\"elementor-tab-title elementor-tab-desktop-title\" aria-selected=\"false\" data-tab=\"2\" role=\"tab\" tabindex=\"-1\" aria-controls=\"elementor-tab-content-1652\" aria-expanded=\"false\">ART. 2.<\/div>\n\t\t\t\t\t\t\t<\/div>\n\t\t\t<div class=\"elementor-tabs-content-wrapper\" role=\"tablist\" aria-orientation=\"vertical\">\n\t\t\t\t\t\t\t\t\t<div class=\"elementor-tab-title elementor-tab-mobile-title\" aria-selected=\"true\" data-tab=\"1\" role=\"tab\" tabindex=\"0\" aria-controls=\"elementor-tab-content-1651\" aria-expanded=\"false\">ART. 1<\/div>\n\t\t\t\t\t<div id=\"elementor-tab-content-1651\" class=\"elementor-tab-content elementor-clearfix\" data-tab=\"1\" role=\"tabpanel\" aria-labelledby=\"elementor-tab-title-1651\" tabindex=\"0\" hidden=\"false\"><ol><li>Garantizar las condiciones adecuadas de seguridad, salud y medio ambiente para salvaguardar la vida, integridad f\u00edsica y bienestar de los trabajadores, contratistas y otras personas dentro del \u00e1mbito del centro de labores.<\/li><li>Facilitar la identificaci\u00f3n de los riesgos existentes en la empresa, para la evaluaci\u00f3n, control y correcci\u00f3n de las situaciones potencialmente peligrosas de seguridad, salud en el trabajo y medio ambiente.<\/li><li>Sensibilizar y promover la participaci\u00f3n activa de los trabajadores en seguridad, salud y medio ambiente para fortalecer la cultura preventiva en la empresa.<\/li><\/ol><\/div>\n\t\t\t\t\t\t\t\t\t<div class=\"elementor-tab-title elementor-tab-mobile-title\" aria-selected=\"false\" data-tab=\"2\" role=\"tab\" tabindex=\"-1\" aria-controls=\"elementor-tab-content-1652\" aria-expanded=\"false\">ART. 2.<\/div>\n\t\t\t\t\t<div id=\"elementor-tab-content-1652\" class=\"elementor-tab-content elementor-clearfix\" data-tab=\"2\" role=\"tabpanel\" aria-labelledby=\"elementor-tab-title-1652\" tabindex=\"0\" hidden=\"hidden\"><ol><li>Establecer los medios y recursos necesarios para que toda la informaci\u00f3n respecto del \u00e1rea de seguridad y salud en el trabajo est\u00e9 disponible para todas las personas que laboran en la empresa, independientemente de las labores que realicen.<\/li><li>Propiciar el mejoramiento continuo de las condiciones de seguridad, salud y medio ambiente de trabajo, a fin de evitar y prevenir da\u00f1os a la salud, a las instalaciones o a los procesos, en las diferentes actividades ejecutadas facilitando la identificaci\u00f3n de los riesgos existentes, su evaluaci\u00f3n, control y correcci\u00f3n.<\/li><li>Estimular y fomentar un mayor desarrollo de la conciencia de prevenci\u00f3n entre los trabajadores, proveedores y contratistas con el Sistema de Gesti\u00f3n de Seguridad y Salud en el Trabajo.<\/li><li>Propiciar un ambiente de trabajo seguro proyectando cero accidentes de la mano con la sensibilizaci\u00f3n y capacitaci\u00f3n de todo el personal de Tecnometales.<\/li><\/ol><\/div>\n\t\t\t\t\t\t\t<\/div>\n\t\t<\/div>\n\t\t\t\t\t\t<\/div>\n\t\t\t\t<\/div>\n\t\t\t\t<div class=\"elementor-element elementor-element-d0bd278 elementor-align-center elementor-widget elementor-widget-button\" data-id=\"d0bd278\" data-element_type=\"widget\" data-e-type=\"widget\" data-widget_type=\"button.default\">\n\t\t\t\t<div class=\"elementor-widget-container\">\n\t\t\t\t\t\t\t\t\t<div class=\"elementor-button-wrapper\">\n\t\t\t\t\t<a class=\"elementor-button elementor-button-link elementor-size-sm\" href=\"http:\/\/l9g.771.myftpupload.com\/wp-content\/uploads\/2022\/01\/SSOMAQ-1.pdf\">\n\t\t\t\t\t\t<span class=\"elementor-button-content-wrapper\">\n\t\t\t\t\t\t<span class=\"elementor-button-icon\">\n\t\t\t\t<i aria-hidden=\"true\" class=\"fab fa-creative-commons-share\"><\/i>\t\t\t<\/span>\n\t\t\t\t\t\t\t\t\t<span class=\"elementor-button-text\">Ver m\u00e1s<\/span>\n\t\t\t\t\t<\/span>\n\t\t\t\t\t<\/a>\n\t\t\t\t<\/div>\n\t\t\t\t\t\t\t\t<\/div>\n\t\t\t\t<\/div>\n\t\t\t\t\t<\/div>\n\t\t<\/div>\n\t\t\t\t\t<\/div>\n\t\t<\/section>\n\t\t\t\t<section class=\"elementor-section elementor-top-section elementor-element elementor-element-a363e67 elementor-section-boxed elementor-section-height-default elementor-section-height-default\" data-id=\"a363e67\" data-element_type=\"section\" data-e-type=\"section\">\n\t\t\t\t\t\t<div class=\"elementor-container elementor-column-gap-default\">\n\t\t\t\t\t<div class=\"elementor-column elementor-col-33 elementor-top-column elementor-element elementor-element-bd8d180\" data-id=\"bd8d180\" data-element_type=\"column\" data-e-type=\"column\">\n\t\t\t<div class=\"elementor-widget-wrap elementor-element-populated\">\n\t\t\t\t\t\t<div class=\"elementor-element elementor-element-490a6e7 elementor-widget elementor-widget-image\" data-id=\"490a6e7\" data-element_type=\"widget\" data-e-type=\"widget\" data-widget_type=\"image.default\">\n\t\t\t\t<div class=\"elementor-widget-container\">\n\t\t\t\t\t\t\t\t\t\t\t\t\t\t\t<img decoding=\"async\" width=\"508\" height=\"357\" src=\"https:\/\/tecnometalesperu.com\/wp-content\/uploads\/2021\/12\/CAPA.png\" class=\"attachment-large size-large wp-image-2192\" alt=\"\" srcset=\"https:\/\/tecnometalesperu.com\/wp-content\/uploads\/2021\/12\/CAPA.png 508w, https:\/\/tecnometalesperu.com\/wp-content\/uploads\/2021\/12\/CAPA-300x211.png 300w\" sizes=\"(max-width: 508px) 100vw, 508px\" \/>\t\t\t\t\t\t\t\t\t\t\t\t\t\t\t<\/div>\n\t\t\t\t<\/div>\n\t\t\t\t\t<\/div>\n\t\t<\/div>\n\t\t\t\t<div class=\"elementor-column elementor-col-66 elementor-top-column elementor-element elementor-element-c817a5a\" data-id=\"c817a5a\" data-element_type=\"column\" data-e-type=\"column\">\n\t\t\t<div class=\"elementor-widget-wrap elementor-element-populated\">\n\t\t\t\t\t\t<div class=\"elementor-element elementor-element-1fc2e93 elementor-widget elementor-widget-heading\" data-id=\"1fc2e93\" data-element_type=\"widget\" data-e-type=\"widget\" data-widget_type=\"heading.default\">\n\t\t\t\t<div class=\"elementor-widget-container\">\n\t\t\t\t\t<h2 class=\"elementor-heading-title elementor-size-default\">CAPACITACIONES EN SEGURIDAD Y SALUD EN EL TRABAJO<\/h2>\t\t\t\t<\/div>\n\t\t\t\t<\/div>\n\t\t\t\t<div class=\"elementor-element elementor-element-6b9c02f elementor-widget elementor-widget-text-editor\" data-id=\"6b9c02f\" data-element_type=\"widget\" data-e-type=\"widget\" data-widget_type=\"text-editor.default\">\n\t\t\t\t<div class=\"elementor-widget-container\">\n\t\t\t\t\t\t\t\t\t<p class=\"MsoNormal\" style=\"text-align:justify\">El objetivo principal, es\nsensibilizar a los trabajadores sobre los riesgos a los que est\u00e1n expuestos\ndurante el desarrollo de sus actividades y brindar las herramientas\/medios\nnecesarios para hacer frente a estos.<o:p><\/o:p><\/p><p>\n\n<\/p><p class=\"MsoNormal\" style=\"text-align:justify\">Cumplir con la Ley N\u00ba 29783 de\nSeguridad y Salud en el Trabajo, y su Reglamento D.S N\u00ba 005-2012-TR y dem\u00e1s\nmodificatorias.<o:p><\/o:p><\/p>\t\t\t\t\t\t\t\t<\/div>\n\t\t\t\t<\/div>\n\t\t\t\t\t<\/div>\n\t\t<\/div>\n\t\t\t\t\t<\/div>\n\t\t<\/section>\n\t\t\t\t<section class=\"elementor-section elementor-top-section elementor-element elementor-element-f5dff28 elementor-section-boxed elementor-section-height-default elementor-section-height-default\" data-id=\"f5dff28\" data-element_type=\"section\" data-e-type=\"section\">\n\t\t\t\t\t\t<div class=\"elementor-container elementor-column-gap-default\">\n\t\t\t\t\t<div class=\"elementor-column elementor-col-100 elementor-top-column elementor-element elementor-element-e416f14\" data-id=\"e416f14\" data-element_type=\"column\" data-e-type=\"column\">\n\t\t\t<div class=\"elementor-widget-wrap\">\n\t\t\t\t\t\t\t<\/div>\n\t\t<\/div>\n\t\t\t\t\t<\/div>\n\t\t<\/section>\n\t\t\t\t<section class=\"elementor-section elementor-top-section elementor-element elementor-element-011a378 elementor-section-boxed elementor-section-height-default elementor-section-height-default\" data-id=\"011a378\" data-element_type=\"section\" data-e-type=\"section\">\n\t\t\t\t\t\t<div class=\"elementor-container elementor-column-gap-default\">\n\t\t\t\t\t<div class=\"elementor-column elementor-col-100 elementor-top-column elementor-element elementor-element-1410b6a\" data-id=\"1410b6a\" data-element_type=\"column\" data-e-type=\"column\">\n\t\t\t<div class=\"elementor-widget-wrap\">\n\t\t\t\t\t\t\t<\/div>\n\t\t<\/div>\n\t\t\t\t\t<\/div>\n\t\t<\/section>\n\t\t\t\t<\/div>\n\t\t","protected":false},"excerpt":{"rendered":"<p>SSOMAQ OBJETIVOS Y METAS SOMAQ ART. 1 ART. 2. ART. 1 Garantizar las condiciones adecuadas de seguridad, salud y medio ambiente para salvaguardar la vida, integridad f\u00edsica y bienestar de los trabajadores, contratistas y otras personas dentro del \u00e1mbito del centro de labores. Facilitar la identificaci\u00f3n de los riesgos existentes en la empresa, para la [&hellip;]<\/p>\n","protected":false},"author":1,"featured_media":0,"parent":0,"menu_order":0,"comment_status":"closed","ping_status":"closed","template":"","meta":{"footnotes":""},"class_list":["post-1510","page","type-page","status-publish","hentry"],"_links":{"self":[{"href":"https:\/\/tecnometalesperu.com\/index.php?rest_route=\/wp\/v2\/pages\/1510","targetHints":{"allow":["GET"]}}],"collection":[{"href":"https:\/\/tecnometalesperu.com\/index.php?rest_route=\/wp\/v2\/pages"}],"about":[{"href":"https:\/\/tecnometalesperu.com\/index.php?rest_route=\/wp\/v2\/types\/page"}],"author":[{"embeddable":true,"href":"https:\/\/tecnometalesperu.com\/index.php?rest_route=\/wp\/v2\/users\/1"}],"replies":[{"embeddable":true,"href":"https:\/\/tecnometalesperu.com\/index.php?rest_route=%2Fwp%2Fv2%2Fcomments&post=1510"}],"version-history":[{"count":35,"href":"https:\/\/tecnometalesperu.com\/index.php?rest_route=\/wp\/v2\/pages\/1510\/revisions"}],"predecessor-version":[{"id":2232,"href":"https:\/\/tecnometalesperu.com\/index.php?rest_route=\/wp\/v2\/pages\/1510\/revisions\/2232"}],"wp:attachment":[{"href":"https:\/\/tecnometalesperu.com\/index.php?rest_route=%2Fwp%2Fv2%2Fmedia&parent=1510"}],"curies":[{"name":"wp","href":"https:\/\/api.w.org\/{rel}","templated":true}]}}