{"id":1916,"date":"2021-09-28T21:19:24","date_gmt":"2021-09-29T02:19:24","guid":{"rendered":"https:\/\/tecnometalesperu.com\/?page_id=1916"},"modified":"2021-11-26T21:40:53","modified_gmt":"2021-11-27T02:40:53","slug":"reparacion-de-bombas","status":"publish","type":"page","link":"https:\/\/tecnometalesperu.com\/?page_id=1916","title":{"rendered":"Reparaci\u00f3n de Bombas"},"content":{"rendered":"\t\t<div data-elementor-type=\"wp-page\" data-elementor-id=\"1916\" class=\"elementor elementor-1916\">\n\t\t\t\t\t\t<section class=\"elementor-section elementor-top-section elementor-element elementor-element-fed3049 elementor-section-boxed elementor-section-height-default elementor-section-height-default\" data-id=\"fed3049\" data-element_type=\"section\" data-e-type=\"section\">\n\t\t\t\t\t\t<div class=\"elementor-container elementor-column-gap-default\">\n\t\t\t\t\t<div class=\"elementor-column elementor-col-33 elementor-top-column elementor-element elementor-element-ed9c1f5\" data-id=\"ed9c1f5\" data-element_type=\"column\" data-e-type=\"column\">\n\t\t\t<div class=\"elementor-widget-wrap elementor-element-populated\">\n\t\t\t\t\t\t<div class=\"elementor-element elementor-element-a17067b elementor-widget elementor-widget-image\" data-id=\"a17067b\" data-element_type=\"widget\" data-e-type=\"widget\" data-widget_type=\"image.default\">\n\t\t\t\t<div class=\"elementor-widget-container\">\n\t\t\t\t\t\t\t\t\t\t\t\t\t\t\t<img fetchpriority=\"high\" decoding=\"async\" width=\"390\" height=\"290\" src=\"https:\/\/tecnometalesperu.com\/wp-content\/uploads\/2021\/11\/05.-390x290.jpeg\" class=\"attachment-context-blog-default size-context-blog-default wp-image-2039\" alt=\"\" \/>\t\t\t\t\t\t\t\t\t\t\t\t\t\t\t<\/div>\n\t\t\t\t<\/div>\n\t\t\t\t\t<\/div>\n\t\t<\/div>\n\t\t\t\t<div class=\"elementor-column elementor-col-66 elementor-top-column elementor-element elementor-element-96896f0\" data-id=\"96896f0\" data-element_type=\"column\" data-e-type=\"column\">\n\t\t\t<div class=\"elementor-widget-wrap elementor-element-populated\">\n\t\t\t\t\t\t<div class=\"elementor-element elementor-element-00b1126 elementor-widget elementor-widget-heading\" data-id=\"00b1126\" data-element_type=\"widget\" data-e-type=\"widget\" data-widget_type=\"heading.default\">\n\t\t\t\t<div class=\"elementor-widget-container\">\n\t\t\t\t\t<h2 class=\"elementor-heading-title elementor-size-default\">Reparaci\u00f3n De Bombas<\/h2>\t\t\t\t<\/div>\n\t\t\t\t<\/div>\n\t\t\t\t<div class=\"elementor-element elementor-element-6fd988a elementor-widget elementor-widget-text-editor\" data-id=\"6fd988a\" data-element_type=\"widget\" data-e-type=\"widget\" data-widget_type=\"text-editor.default\">\n\t\t\t\t<div class=\"elementor-widget-container\">\n\t\t\t\t\t\t\t\t\t<ul><li>*Bombas Centr\u00edfugas (Baja Presi\u00f3n, Alta Presi\u00f3n)<\/li><li>*Desplazamiento positivo (Tornillos y Engranajes)<\/li><li>*Bomba Vac\u00edo<\/li><li>*Bomba Alta Presi\u00f3n<\/li><li>*Bombas de Riego<\/li><\/ul>\t\t\t\t\t\t\t\t<\/div>\n\t\t\t\t<\/div>\n\t\t\t\t\t<\/div>\n\t\t<\/div>\n\t\t\t\t\t<\/div>\n\t\t<\/section>\n\t\t\t\t<section class=\"elementor-section elementor-top-section elementor-element elementor-element-e30ae28 elementor-section-boxed elementor-section-height-default elementor-section-height-default\" data-id=\"e30ae28\" data-element_type=\"section\" data-e-type=\"section\">\n\t\t\t\t\t\t<div class=\"elementor-container elementor-column-gap-default\">\n\t\t\t\t\t<div class=\"elementor-column elementor-col-50 elementor-top-column elementor-element elementor-element-d16e586\" data-id=\"d16e586\" data-element_type=\"column\" data-e-type=\"column\">\n\t\t\t<div class=\"elementor-widget-wrap\">\n\t\t\t\t\t\t\t<\/div>\n\t\t<\/div>\n\t\t\t\t<div class=\"elementor-column elementor-col-50 elementor-top-column elementor-element elementor-element-eb808fb\" data-id=\"eb808fb\" data-element_type=\"column\" data-e-type=\"column\">\n\t\t\t<div class=\"elementor-widget-wrap\">\n\t\t\t\t\t\t\t<\/div>\n\t\t<\/div>\n\t\t\t\t\t<\/div>\n\t\t<\/section>\n\t\t\t\t<\/div>\n\t\t","protected":false},"excerpt":{"rendered":"<p>Reparaci\u00f3n De Bombas *Bombas Centr\u00edfugas (Baja Presi\u00f3n, Alta Presi\u00f3n) *Desplazamiento positivo (Tornillos y Engranajes) *Bomba Vac\u00edo *Bomba Alta Presi\u00f3n *Bombas de Riego<\/p>\n","protected":false},"author":1,"featured_media":0,"parent":0,"menu_order":0,"comment_status":"closed","ping_status":"closed","template":"","meta":{"footnotes":""},"class_list":["post-1916","page","type-page","status-publish","hentry"],"_links":{"self":[{"href":"https:\/\/tecnometalesperu.com\/index.php?rest_route=\/wp\/v2\/pages\/1916","targetHints":{"allow":["GET"]}}],"collection":[{"href":"https:\/\/tecnometalesperu.com\/index.php?rest_route=\/wp\/v2\/pages"}],"about":[{"href":"https:\/\/tecnometalesperu.com\/index.php?rest_route=\/wp\/v2\/types\/page"}],"author":[{"embeddable":true,"href":"https:\/\/tecnometalesperu.com\/index.php?rest_route=\/wp\/v2\/users\/1"}],"replies":[{"embeddable":true,"href":"https:\/\/tecnometalesperu.com\/index.php?rest_route=%2Fwp%2Fv2%2Fcomments&post=1916"}],"version-history":[{"count":7,"href":"https:\/\/tecnometalesperu.com\/index.php?rest_route=\/wp\/v2\/pages\/1916\/revisions"}],"predecessor-version":[{"id":2042,"href":"https:\/\/tecnometalesperu.com\/index.php?rest_route=\/wp\/v2\/pages\/1916\/revisions\/2042"}],"wp:attachment":[{"href":"https:\/\/tecnometalesperu.com\/index.php?rest_route=%2Fwp%2Fv2%2Fmedia&parent=1916"}],"curies":[{"name":"wp","href":"https:\/\/api.w.org\/{rel}","templated":true}]}}