{"id":1920,"date":"2021-09-28T21:19:24","date_gmt":"2021-09-29T02:19:24","guid":{"rendered":"https:\/\/tecnometalesperu.com\/?page_id=1920"},"modified":"2021-12-06T21:48:29","modified_gmt":"2021-12-07T02:48:29","slug":"diseno-y-fabricacion-de-estructuras-metaliicas","status":"publish","type":"page","link":"https:\/\/tecnometalesperu.com\/?page_id=1920","title":{"rendered":"Dise\u00f1o y Fabricaci\u00f3n de Estructuras Met\u00e1licas"},"content":{"rendered":"\t\t<div data-elementor-type=\"wp-page\" data-elementor-id=\"1920\" class=\"elementor elementor-1920\">\n\t\t\t\t\t\t<section class=\"elementor-section elementor-top-section elementor-element elementor-element-1ded3a8 elementor-section-boxed elementor-section-height-default elementor-section-height-default\" data-id=\"1ded3a8\" data-element_type=\"section\" data-e-type=\"section\">\n\t\t\t\t\t\t<div class=\"elementor-container elementor-column-gap-default\">\n\t\t\t\t\t<div class=\"elementor-column elementor-col-33 elementor-top-column elementor-element elementor-element-8239212\" data-id=\"8239212\" data-element_type=\"column\" data-e-type=\"column\">\n\t\t\t<div class=\"elementor-widget-wrap elementor-element-populated\">\n\t\t\t\t\t\t<div class=\"elementor-element elementor-element-b77762e elementor-widget elementor-widget-image\" data-id=\"b77762e\" data-element_type=\"widget\" data-e-type=\"widget\" data-widget_type=\"image.default\">\n\t\t\t\t<div class=\"elementor-widget-container\">\n\t\t\t\t\t\t\t\t\t\t\t\t\t\t\t<img fetchpriority=\"high\" decoding=\"async\" width=\"767\" height=\"1024\" src=\"https:\/\/tecnometalesperu.com\/wp-content\/uploads\/2021\/10\/01.-767x1024.jpg\" class=\"attachment-large size-large wp-image-1990\" alt=\"\" srcset=\"https:\/\/tecnometalesperu.com\/wp-content\/uploads\/2021\/10\/01.-767x1024.jpg 767w, https:\/\/tecnometalesperu.com\/wp-content\/uploads\/2021\/10\/01.-225x300.jpg 225w, https:\/\/tecnometalesperu.com\/wp-content\/uploads\/2021\/10\/01.-768x1025.jpg 768w, https:\/\/tecnometalesperu.com\/wp-content\/uploads\/2021\/10\/01..jpg 959w\" sizes=\"(max-width: 767px) 100vw, 767px\" \/>\t\t\t\t\t\t\t\t\t\t\t\t\t\t\t<\/div>\n\t\t\t\t<\/div>\n\t\t\t\t\t<\/div>\n\t\t<\/div>\n\t\t\t\t<div class=\"elementor-column elementor-col-66 elementor-top-column elementor-element elementor-element-4051a7b\" data-id=\"4051a7b\" data-element_type=\"column\" data-e-type=\"column\">\n\t\t\t<div class=\"elementor-widget-wrap elementor-element-populated\">\n\t\t\t\t\t\t<div class=\"elementor-element elementor-element-9aa29ed elementor-widget elementor-widget-heading\" data-id=\"9aa29ed\" data-element_type=\"widget\" data-e-type=\"widget\" data-widget_type=\"heading.default\">\n\t\t\t\t<div class=\"elementor-widget-container\">\n\t\t\t\t\t<h1 class=\"elementor-heading-title elementor-size-default\">Dise\u00f1o Y Fabricaci\u00f3n De Estructuras Met\u00e1licas<\/h1>\t\t\t\t<\/div>\n\t\t\t\t<\/div>\n\t\t\t\t<div class=\"elementor-element elementor-element-cfd69d8 elementor-widget elementor-widget-text-editor\" data-id=\"cfd69d8\" data-element_type=\"widget\" data-e-type=\"widget\" data-widget_type=\"text-editor.default\">\n\t\t\t\t<div class=\"elementor-widget-container\">\n\t\t\t\t\t\t\t\t\t<p>Ofrecemos a nuestros clientes el desarrollo y la ejecuci\u00f3n de proyectos de ingenier\u00eda, de modo que les permita enfocar sus energ\u00edas y recursos a efectuar actividades propias del negocio que les generen mayores beneficios.<\/p>\n<ul>\n<li>*Fabricaci\u00f3n de Estructuras Met\u00e1licas.<\/li>\n<li>*Montaje y Desmontaje de Estructuras Met\u00e1licas.<\/li>\n<li>*Afilado de herramientas.<\/li>\n<li>*Dise\u00f1o mec\u00e1nico.<\/li><li>*Trabajos de Obra Civil<\/li><\/ul>\t\t\t\t\t\t\t\t<\/div>\n\t\t\t\t<\/div>\n\t\t\t\t\t<\/div>\n\t\t<\/div>\n\t\t\t\t\t<\/div>\n\t\t<\/section>\n\t\t\t\t<section class=\"elementor-section elementor-top-section elementor-element elementor-element-a470a31 elementor-section-boxed elementor-section-height-default elementor-section-height-default\" data-id=\"a470a31\" data-element_type=\"section\" data-e-type=\"section\">\n\t\t\t\t\t\t<div class=\"elementor-container elementor-column-gap-default\">\n\t\t\t\t\t<div class=\"elementor-column elementor-col-100 elementor-top-column elementor-element elementor-element-ad79bd2\" data-id=\"ad79bd2\" data-element_type=\"column\" data-e-type=\"column\">\n\t\t\t<div class=\"elementor-widget-wrap\">\n\t\t\t\t\t\t\t<\/div>\n\t\t<\/div>\n\t\t\t\t\t<\/div>\n\t\t<\/section>\n\t\t\t\t<\/div>\n\t\t","protected":false},"excerpt":{"rendered":"<p>Dise\u00f1o Y Fabricaci\u00f3n De Estructuras Met\u00e1licas Ofrecemos a nuestros clientes el desarrollo y la ejecuci\u00f3n de proyectos de ingenier\u00eda, de modo que les permita enfocar sus energ\u00edas y recursos a efectuar actividades propias del negocio que les generen mayores beneficios. *Fabricaci\u00f3n de Estructuras Met\u00e1licas. *Montaje y Desmontaje de Estructuras Met\u00e1licas. *Afilado de herramientas. *Dise\u00f1o mec\u00e1nico. [&hellip;]<\/p>\n","protected":false},"author":1,"featured_media":0,"parent":0,"menu_order":0,"comment_status":"closed","ping_status":"closed","template":"","meta":{"footnotes":""},"class_list":["post-1920","page","type-page","status-publish","hentry"],"_links":{"self":[{"href":"https:\/\/tecnometalesperu.com\/index.php?rest_route=\/wp\/v2\/pages\/1920","targetHints":{"allow":["GET"]}}],"collection":[{"href":"https:\/\/tecnometalesperu.com\/index.php?rest_route=\/wp\/v2\/pages"}],"about":[{"href":"https:\/\/tecnometalesperu.com\/index.php?rest_route=\/wp\/v2\/types\/page"}],"author":[{"embeddable":true,"href":"https:\/\/tecnometalesperu.com\/index.php?rest_route=\/wp\/v2\/users\/1"}],"replies":[{"embeddable":true,"href":"https:\/\/tecnometalesperu.com\/index.php?rest_route=%2Fwp%2Fv2%2Fcomments&post=1920"}],"version-history":[{"count":15,"href":"https:\/\/tecnometalesperu.com\/index.php?rest_route=\/wp\/v2\/pages\/1920\/revisions"}],"predecessor-version":[{"id":2107,"href":"https:\/\/tecnometalesperu.com\/index.php?rest_route=\/wp\/v2\/pages\/1920\/revisions\/2107"}],"wp:attachment":[{"href":"https:\/\/tecnometalesperu.com\/index.php?rest_route=%2Fwp%2Fv2%2Fmedia&parent=1920"}],"curies":[{"name":"wp","href":"https:\/\/api.w.org\/{rel}","templated":true}]}}